{"id":962,"date":"2023-08-15T12:58:35","date_gmt":"2023-08-15T12:58:35","guid":{"rendered":"https:\/\/slashdown.net\/kinship\/?page_id=962"},"modified":"2025-09-21T18:46:56","modified_gmt":"2025-09-21T18:46:56","slug":"contattaci","status":"publish","type":"page","link":"https:\/\/li.gpsoftware.org\/?page_id=962","title":{"rendered":"Contattaci"},"content":{"rendered":"\t\t<div data-elementor-type=\"wp-page\" data-elementor-id=\"962\" class=\"elementor elementor-962\">\n\t\t\t\t\t\t<section class=\"elementor-section elementor-top-section elementor-element elementor-element-6d662776 elementor-section-content-middle elementor-section-boxed elementor-section-height-default elementor-section-height-default\" data-id=\"6d662776\" data-element_type=\"section\" data-e-type=\"section\">\n\t\t\t\t\t\t<div class=\"elementor-container elementor-column-gap-default\">\n\t\t\t\t\t<div class=\"elementor-column elementor-col-50 elementor-top-column elementor-element elementor-element-44720c99\" data-id=\"44720c99\" data-element_type=\"column\" data-e-type=\"column\">\n\t\t\t<div class=\"elementor-widget-wrap elementor-element-populated\">\n\t\t\t\t\t\t<div class=\"elementor-element elementor-element-3814ac39 elementor-widget__width-initial elementor-widget-mobile__width-initial elementor-widget elementor-widget-slashdown_heading\" data-id=\"3814ac39\" data-element_type=\"widget\" data-e-type=\"widget\" data-widget_type=\"slashdown_heading.default\">\n\t\t\t\t<div class=\"elementor-widget-container\">\n\t\t\t\t\t\t\t<div class=\"slashdown-heading left\">\n\t\t\t<span class=\"slashdown-heading__subtitle\">Rispondiamo sempre entro le 24 ore.<\/span><h2 class=\"slashdown-heading__title\">Mandaci un messaggio<\/h2>\t\t<\/div>\n\t\t\t\t\t\t<\/div>\n\t\t\t\t<\/div>\n\t\t\t\t<div class=\"elementor-element elementor-element-9a8ee62 elementor-widget-mobile__width-initial elementor-widget elementor-widget-shortcode\" data-id=\"9a8ee62\" data-element_type=\"widget\" data-e-type=\"widget\" data-widget_type=\"shortcode.default\">\n\t\t\t\t<div class=\"elementor-widget-container\">\n\t\t\t\t\t\t\t<div class=\"elementor-shortcode\">\n<div class=\"wpcf7 no-js\" id=\"wpcf7-f967-o1\" lang=\"en-US\" dir=\"ltr\" data-wpcf7-id=\"967\">\n<div class=\"screen-reader-response\"><p role=\"status\" aria-live=\"polite\" aria-atomic=\"true\"><\/p> <ul><\/ul><\/div>\n<form action=\"\/index.php?rest_route=%2Fwp%2Fv2%2Fpages%2F962#wpcf7-f967-o1\" method=\"post\" class=\"wpcf7-form init\" aria-label=\"Contact form\" novalidate=\"novalidate\" data-status=\"init\">\n<fieldset class=\"hidden-fields-container\"><input type=\"hidden\" name=\"_wpcf7\" value=\"967\" \/><input type=\"hidden\" name=\"_wpcf7_version\" value=\"6.1.5\" \/><input type=\"hidden\" name=\"_wpcf7_locale\" value=\"en_US\" \/><input type=\"hidden\" name=\"_wpcf7_unit_tag\" value=\"wpcf7-f967-o1\" \/><input type=\"hidden\" name=\"_wpcf7_container_post\" value=\"0\" \/><input type=\"hidden\" name=\"_wpcf7_posted_data_hash\" value=\"\" \/>\n<\/fieldset>\n<p><span class=\"wpcf7-form-control-wrap\" data-name=\"your-name\"><input size=\"40\" maxlength=\"400\" class=\"wpcf7-form-control wpcf7-text wpcf7-validates-as-required\" autocomplete=\"name\" aria-required=\"true\" aria-invalid=\"false\" placeholder=\"Your name\" value=\"\" type=\"text\" name=\"your-name\" \/><\/span>\n<\/p>\n<div class=\"row\">\n\t<div class=\"col-6\">\n\t\t<p><span class=\"wpcf7-form-control-wrap\" data-name=\"your-email\"><input size=\"40\" maxlength=\"400\" class=\"wpcf7-form-control wpcf7-email wpcf7-validates-as-required wpcf7-text wpcf7-validates-as-email\" autocomplete=\"email\" aria-required=\"true\" aria-invalid=\"false\" placeholder=\"E-mail\" value=\"\" type=\"email\" name=\"your-email\" \/><\/span>\n\t\t<\/p>\n\t<\/div>\n\t<div class=\"col-6\">\n\t\t<p><span class=\"wpcf7-form-control-wrap\" data-name=\"phone-number\"><input size=\"40\" maxlength=\"400\" class=\"wpcf7-form-control wpcf7-tel wpcf7-validates-as-required wpcf7-text wpcf7-validates-as-tel\" aria-required=\"true\" aria-invalid=\"false\" placeholder=\"Phone number\" value=\"\" type=\"tel\" name=\"phone-number\" \/><\/span>\n\t\t<\/p>\n\t<\/div>\n<\/div>\n<p><span class=\"wpcf7-form-control-wrap\" data-name=\"your-message\"><textarea cols=\"40\" rows=\"10\" maxlength=\"2000\" class=\"wpcf7-form-control wpcf7-textarea\" aria-invalid=\"false\" placeholder=\"Message\" name=\"your-message\"><\/textarea><\/span><br \/>\n<input class=\"wpcf7-form-control wpcf7-submit has-spinner\" type=\"submit\" value=\"Send Message\" \/>\n<\/p><div class=\"wpcf7-response-output\" aria-hidden=\"true\"><\/div>\n<\/form>\n<\/div>\n<\/div>\n\t\t\t\t\t\t<\/div>\n\t\t\t\t<\/div>\n\t\t\t\t\t<\/div>\n\t\t<\/div>\n\t\t\t\t<div class=\"elementor-column elementor-col-50 elementor-top-column elementor-element elementor-element-6b234e63\" data-id=\"6b234e63\" data-element_type=\"column\" data-e-type=\"column\">\n\t\t\t<div class=\"elementor-widget-wrap elementor-element-populated\">\n\t\t\t\t\t\t<div class=\"elementor-element elementor-element-2bf8a5fe animated-slow elementor-invisible elementor-widget elementor-widget-image\" data-id=\"2bf8a5fe\" data-element_type=\"widget\" data-e-type=\"widget\" data-settings=\"{&quot;_animation&quot;:&quot;fadeIn&quot;}\" data-widget_type=\"image.default\">\n\t\t\t\t<div class=\"elementor-widget-container\">\n\t\t\t\t\t\t\t\t\t\t\t\t\t\t\t<img fetchpriority=\"high\" decoding=\"async\" width=\"495\" height=\"743\" src=\"https:\/\/li.gpsoftware.org\/wp-content\/uploads\/2025\/09\/contactus-495x743.jpg\" class=\"attachment-large size-large wp-image-2877\" alt=\"\" srcset=\"https:\/\/li.gpsoftware.org\/wp-content\/uploads\/2025\/09\/contactus-495x743.jpg 495w, https:\/\/li.gpsoftware.org\/wp-content\/uploads\/2025\/09\/contactus-235x352.jpg 235w, https:\/\/li.gpsoftware.org\/wp-content\/uploads\/2025\/09\/contactus-400x600.jpg 400w, https:\/\/li.gpsoftware.org\/wp-content\/uploads\/2025\/09\/contactus-107x160.jpg 107w, https:\/\/li.gpsoftware.org\/wp-content\/uploads\/2025\/09\/contactus.jpg 500w\" sizes=\"(max-width: 495px) 100vw, 495px\" \/>\t\t\t\t\t\t\t\t\t\t\t\t\t\t\t<\/div>\n\t\t\t\t<\/div>\n\t\t\t\t\t<\/div>\n\t\t<\/div>\n\t\t\t\t\t<\/div>\n\t\t<\/section>\n\t\t\t\t<section class=\"elementor-section elementor-top-section elementor-element elementor-element-1d96e942 elementor-section-content-middle elementor-section-boxed elementor-section-height-default elementor-section-height-default\" data-id=\"1d96e942\" data-element_type=\"section\" data-e-type=\"section\">\n\t\t\t\t\t\t<div class=\"elementor-container elementor-column-gap-default\">\n\t\t\t\t\t<div class=\"elementor-column elementor-col-50 elementor-top-column elementor-element elementor-element-2ef08d61\" data-id=\"2ef08d61\" data-element_type=\"column\" data-e-type=\"column\">\n\t\t\t<div class=\"elementor-widget-wrap elementor-element-populated\">\n\t\t\t\t\t\t<div class=\"elementor-element elementor-element-3cbba65 elementor-widget elementor-widget-google_maps\" data-id=\"3cbba65\" data-element_type=\"widget\" data-e-type=\"widget\" data-widget_type=\"google_maps.default\">\n\t\t\t\t<div class=\"elementor-widget-container\">\n\t\t\t\t\t\t\t<div class=\"elementor-custom-embed\">\n\t\t\t<iframe loading=\"lazy\"\n\t\t\t\t\tsrc=\"https:\/\/maps.google.com\/maps?q=roma&#038;t=m&#038;z=17&#038;output=embed&#038;iwloc=near\"\n\t\t\t\t\ttitle=\"roma\"\n\t\t\t\t\taria-label=\"roma\"\n\t\t\t><\/iframe>\n\t\t<\/div>\n\t\t\t\t\t\t<\/div>\n\t\t\t\t<\/div>\n\t\t\t\t\t<\/div>\n\t\t<\/div>\n\t\t\t\t<div class=\"elementor-column elementor-col-50 elementor-top-column elementor-element elementor-element-5041c5a8\" data-id=\"5041c5a8\" data-element_type=\"column\" data-e-type=\"column\">\n\t\t\t<div class=\"elementor-widget-wrap elementor-element-populated\">\n\t\t\t\t\t\t<div class=\"elementor-element elementor-element-7c0b1e52 elementor-widget elementor-widget-slashdown_heading\" data-id=\"7c0b1e52\" data-element_type=\"widget\" data-e-type=\"widget\" data-widget_type=\"slashdown_heading.default\">\n\t\t\t\t<div class=\"elementor-widget-container\">\n\t\t\t\t\t\t\t<div class=\"slashdown-heading left\">\n\t\t\t<span class=\"slashdown-heading__subtitle\">dov&#039;\u00e8 Domus Magister?<\/span><h2 class=\"slashdown-heading__title\">Al centro di Roma<\/h2>\t\t<\/div>\n\t\t\t\t\t\t<\/div>\n\t\t\t\t<\/div>\n\t\t\t\t<div class=\"elementor-element elementor-element-38887984 elementor-widget elementor-widget-text-editor\" data-id=\"38887984\" data-element_type=\"widget\" data-e-type=\"widget\" data-widget_type=\"text-editor.default\">\n\t\t\t\t<div class=\"elementor-widget-container\">\n\t\t\t\t\t\t\t\t\t<p data-start=\"202\" data-end=\"553\">Ci troviamo a Piazza Zama, nel cuore pulsante di Roma, dove l\u2019energia del quartiere San Giovanni si intreccia con la storia millenaria della Citt\u00e0 Eterna. Uscendo dal B&amp;B vi basteranno pochi passi per ammirare la Basilica di San Giovanni in Laterano, perdervi nella grandezza del Colosseo o respirare la suggestione delle antiche Terme di Caracalla.<\/p><p data-start=\"555\" data-end=\"907\">Tra stradine vivaci, mercati tipici e il profumo del caff\u00e8 che accompagna ogni mattina romana, vivrete l\u2019autenticit\u00e0 di un quartiere che custodisce l\u2019anima pi\u00f9 vera della citt\u00e0. La mappa accanto vi guider\u00e0 da noi: il punto di partenza ideale per scoprire Roma con calma, emozione e meraviglia, tornando ogni sera a un\u2019accoglienza familiare e sincera.<\/p>\t\t\t\t\t\t\t\t<\/div>\n\t\t\t\t<\/div>\n\t\t\t\t<section class=\"elementor-section elementor-inner-section elementor-element elementor-element-d2d0138 elementor-section-boxed elementor-section-height-default elementor-section-height-default\" data-id=\"d2d0138\" data-element_type=\"section\" data-e-type=\"section\">\n\t\t\t\t\t\t<div class=\"elementor-container elementor-column-gap-default\">\n\t\t\t\t\t<div class=\"elementor-column elementor-col-50 elementor-inner-column elementor-element elementor-element-6f10ef\" data-id=\"6f10ef\" data-element_type=\"column\" data-e-type=\"column\">\n\t\t\t<div class=\"elementor-widget-wrap elementor-element-populated\">\n\t\t\t\t\t\t<div class=\"elementor-element elementor-element-26c79b68 elementor-widget elementor-widget-text-editor\" data-id=\"26c79b68\" data-element_type=\"widget\" data-e-type=\"widget\" data-widget_type=\"text-editor.default\">\n\t\t\t\t<div class=\"elementor-widget-container\">\n\t\t\t\t\t\t\t\t\t<p>INDIRIZZO<\/p>\t\t\t\t\t\t\t\t<\/div>\n\t\t\t\t<\/div>\n\t\t\t\t<div class=\"elementor-element elementor-element-83a0cd6 elementor-widget elementor-widget-text-editor\" data-id=\"83a0cd6\" data-element_type=\"widget\" data-e-type=\"widget\" data-widget_type=\"text-editor.default\">\n\t\t\t\t<div class=\"elementor-widget-container\">\n\t\t\t\t\t\t\t\t\t<p>Piazza Zama, Roma.<br \/>Quartiere San Giovanni.<\/p>\t\t\t\t\t\t\t\t<\/div>\n\t\t\t\t<\/div>\n\t\t\t\t\t<\/div>\n\t\t<\/div>\n\t\t\t\t<div class=\"elementor-column elementor-col-50 elementor-inner-column elementor-element elementor-element-1e18e431\" data-id=\"1e18e431\" data-element_type=\"column\" data-e-type=\"column\">\n\t\t\t<div class=\"elementor-widget-wrap elementor-element-populated\">\n\t\t\t\t\t\t<div class=\"elementor-element elementor-element-482d2a6e elementor-widget elementor-widget-text-editor\" data-id=\"482d2a6e\" data-element_type=\"widget\" data-e-type=\"widget\" data-widget_type=\"text-editor.default\">\n\t\t\t\t<div class=\"elementor-widget-container\">\n\t\t\t\t\t\t\t\t\t<p>CONTATTACI<\/p>\t\t\t\t\t\t\t\t<\/div>\n\t\t\t\t<\/div>\n\t\t\t\t<div class=\"elementor-element elementor-element-6ba31860 elementor-widget elementor-widget-text-editor\" data-id=\"6ba31860\" data-element_type=\"widget\" data-e-type=\"widget\" data-widget_type=\"text-editor.default\">\n\t\t\t\t<div class=\"elementor-widget-container\">\n\t\t\t\t\t\t\t\t\t<p>P: (123) 456-7890<\/p><p>E: mail@example.com<\/p><p>Rispondiamo entro le 24 ore.<\/p>\t\t\t\t\t\t\t\t<\/div>\n\t\t\t\t<\/div>\n\t\t\t\t\t<\/div>\n\t\t<\/div>\n\t\t\t\t\t<\/div>\n\t\t<\/section>\n\t\t\t\t\t<\/div>\n\t\t<\/div>\n\t\t\t\t\t<\/div>\n\t\t<\/section>\n\t\t\t\t<\/div>\n\t\t","protected":false},"excerpt":{"rendered":"<p>Rispondiamo sempre entro le 24 ore. Mandaci un messaggio dov&#039;\u00e8 Domus Magister? Al centro di Roma Ci troviamo a Piazza Zama, nel cuore pulsante di Roma, dove l\u2019energia del quartiere San Giovanni si intreccia con la storia millenaria della Citt\u00e0 Eterna. Uscendo dal B&amp;B vi basteranno pochi passi per ammirare la Basilica di San Giovanni&#8230; <a href=\"https:\/\/li.gpsoftware.org\/?page_id=962\" class=\"more-link\">Continue reading<\/a><\/p>\n","protected":false},"author":1,"featured_media":1888,"parent":0,"menu_order":0,"comment_status":"closed","ping_status":"closed","template":"","meta":{"_eb_attr":"","footnotes":""},"class_list":["post-962","page","type-page","status-publish","has-post-thumbnail","hentry"],"yoast_head":"<!-- This site is optimized with the Yoast SEO plugin v27.5 - https:\/\/yoast.com\/product\/yoast-seo-wordpress\/ -->\n<title>Contattaci - Domus Magister ROMA - BNB Bed And Breakfast Ro<\/title>\n<meta name=\"robots\" content=\"index, follow, max-snippet:-1, max-image-preview:large, max-video-preview:-1\" \/>\n<link rel=\"canonical\" href=\"https:\/\/li.gpsoftware.org\/?page_id=962\" \/>\n<meta property=\"og:locale\" content=\"it_IT\" \/>\n<meta property=\"og:type\" content=\"article\" \/>\n<meta property=\"og:title\" content=\"Contattaci - Domus Magister ROMA - BNB Bed And Breakfast Ro\" \/>\n<meta property=\"og:description\" content=\"Rispondiamo sempre entro le 24 ore. Mandaci un messaggio dov&#039;\u00e8 Domus Magister? Al centro di Roma Ci troviamo a Piazza Zama, nel cuore pulsante di Roma, dove l\u2019energia del quartiere San Giovanni si intreccia con la storia millenaria della Citt\u00e0 Eterna. Uscendo dal B&amp;B vi basteranno pochi passi per ammirare la Basilica di San Giovanni... Continue reading\" \/>\n<meta property=\"og:url\" content=\"https:\/\/li.gpsoftware.org\/?page_id=962\" \/>\n<meta property=\"og:site_name\" content=\"Domus Magister ROMA - BNB Bed And Breakfast Ro\" \/>\n<meta property=\"article:modified_time\" content=\"2025-09-21T18:46:56+00:00\" \/>\n<meta property=\"og:image\" content=\"https:\/\/li.gpsoftware.org\/wp-content\/uploads\/2023\/12\/hero-contact-01-jpg.webp\" \/>\n\t<meta property=\"og:image:width\" content=\"1920\" \/>\n\t<meta property=\"og:image:height\" content=\"1080\" \/>\n\t<meta property=\"og:image:type\" content=\"image\/webp\" \/>\n<meta name=\"twitter:card\" content=\"summary_large_image\" \/>\n<meta name=\"twitter:label1\" content=\"Tempo di lettura stimato\" \/>\n\t<meta name=\"twitter:data1\" content=\"1 minuto\" \/>\n<script type=\"application\/ld+json\" class=\"yoast-schema-graph\">{\"@context\":\"https:\\\/\\\/schema.org\",\"@graph\":[{\"@type\":\"WebPage\",\"@id\":\"https:\\\/\\\/li.gpsoftware.org\\\/?page_id=962\",\"url\":\"https:\\\/\\\/li.gpsoftware.org\\\/?page_id=962\",\"name\":\"Contattaci - Domus Magister ROMA - BNB Bed And Breakfast Ro\",\"isPartOf\":{\"@id\":\"https:\\\/\\\/li.gpsoftware.org\\\/#website\"},\"primaryImageOfPage\":{\"@id\":\"https:\\\/\\\/li.gpsoftware.org\\\/?page_id=962#primaryimage\"},\"image\":{\"@id\":\"https:\\\/\\\/li.gpsoftware.org\\\/?page_id=962#primaryimage\"},\"thumbnailUrl\":\"https:\\\/\\\/li.gpsoftware.org\\\/wp-content\\\/uploads\\\/2023\\\/12\\\/hero-contact-01-jpg.webp\",\"datePublished\":\"2023-08-15T12:58:35+00:00\",\"dateModified\":\"2025-09-21T18:46:56+00:00\",\"breadcrumb\":{\"@id\":\"https:\\\/\\\/li.gpsoftware.org\\\/?page_id=962#breadcrumb\"},\"inLanguage\":\"it-IT\",\"potentialAction\":[{\"@type\":\"ReadAction\",\"target\":[\"https:\\\/\\\/li.gpsoftware.org\\\/?page_id=962\"]}]},{\"@type\":\"ImageObject\",\"inLanguage\":\"it-IT\",\"@id\":\"https:\\\/\\\/li.gpsoftware.org\\\/?page_id=962#primaryimage\",\"url\":\"https:\\\/\\\/li.gpsoftware.org\\\/wp-content\\\/uploads\\\/2023\\\/12\\\/hero-contact-01-jpg.webp\",\"contentUrl\":\"https:\\\/\\\/li.gpsoftware.org\\\/wp-content\\\/uploads\\\/2023\\\/12\\\/hero-contact-01-jpg.webp\",\"width\":1920,\"height\":1080},{\"@type\":\"BreadcrumbList\",\"@id\":\"https:\\\/\\\/li.gpsoftware.org\\\/?page_id=962#breadcrumb\",\"itemListElement\":[{\"@type\":\"ListItem\",\"position\":1,\"name\":\"Home\",\"item\":\"https:\\\/\\\/li.gpsoftware.org\\\/\"},{\"@type\":\"ListItem\",\"position\":2,\"name\":\"Contattaci\"}]},{\"@type\":\"WebSite\",\"@id\":\"https:\\\/\\\/li.gpsoftware.org\\\/#website\",\"url\":\"https:\\\/\\\/li.gpsoftware.org\\\/\",\"name\":\"Domus Magister ROMA - BNB Bed And Breakfast Ro\",\"description\":\"\",\"publisher\":{\"@id\":\"https:\\\/\\\/li.gpsoftware.org\\\/#organization\"},\"potentialAction\":[{\"@type\":\"SearchAction\",\"target\":{\"@type\":\"EntryPoint\",\"urlTemplate\":\"https:\\\/\\\/li.gpsoftware.org\\\/?s={search_term_string}\"},\"query-input\":{\"@type\":\"PropertyValueSpecification\",\"valueRequired\":true,\"valueName\":\"search_term_string\"}}],\"inLanguage\":\"it-IT\"},{\"@type\":\"Organization\",\"@id\":\"https:\\\/\\\/li.gpsoftware.org\\\/#organization\",\"name\":\"Domus Magister ROMA - BNB Bed And Breakfast Ro\",\"url\":\"https:\\\/\\\/li.gpsoftware.org\\\/\",\"logo\":{\"@type\":\"ImageObject\",\"inLanguage\":\"it-IT\",\"@id\":\"https:\\\/\\\/li.gpsoftware.org\\\/#\\\/schema\\\/logo\\\/image\\\/\",\"url\":\"https:\\\/\\\/li.gpsoftware.org\\\/wp-content\\\/uploads\\\/2025\\\/05\\\/LOGO.png\",\"contentUrl\":\"https:\\\/\\\/li.gpsoftware.org\\\/wp-content\\\/uploads\\\/2025\\\/05\\\/LOGO.png\",\"width\":661,\"height\":159,\"caption\":\"Domus Magister ROMA - BNB Bed And Breakfast Ro\"},\"image\":{\"@id\":\"https:\\\/\\\/li.gpsoftware.org\\\/#\\\/schema\\\/logo\\\/image\\\/\"}}]}<\/script>\n<!-- \/ Yoast SEO plugin. -->","yoast_head_json":{"title":"Contattaci - Domus Magister ROMA - BNB Bed And Breakfast Ro","robots":{"index":"index","follow":"follow","max-snippet":"max-snippet:-1","max-image-preview":"max-image-preview:large","max-video-preview":"max-video-preview:-1"},"canonical":"https:\/\/li.gpsoftware.org\/?page_id=962","og_locale":"it_IT","og_type":"article","og_title":"Contattaci - Domus Magister ROMA - BNB Bed And Breakfast Ro","og_description":"Rispondiamo sempre entro le 24 ore. Mandaci un messaggio dov&#039;\u00e8 Domus Magister? Al centro di Roma Ci troviamo a Piazza Zama, nel cuore pulsante di Roma, dove l\u2019energia del quartiere San Giovanni si intreccia con la storia millenaria della Citt\u00e0 Eterna. Uscendo dal B&amp;B vi basteranno pochi passi per ammirare la Basilica di San Giovanni... Continue reading","og_url":"https:\/\/li.gpsoftware.org\/?page_id=962","og_site_name":"Domus Magister ROMA - BNB Bed And Breakfast Ro","article_modified_time":"2025-09-21T18:46:56+00:00","og_image":[{"width":1920,"height":1080,"url":"https:\/\/li.gpsoftware.org\/wp-content\/uploads\/2023\/12\/hero-contact-01-jpg.webp","type":"image\/webp"}],"twitter_card":"summary_large_image","twitter_misc":{"Tempo di lettura stimato":"1 minuto"},"schema":{"@context":"https:\/\/schema.org","@graph":[{"@type":"WebPage","@id":"https:\/\/li.gpsoftware.org\/?page_id=962","url":"https:\/\/li.gpsoftware.org\/?page_id=962","name":"Contattaci - Domus Magister ROMA - BNB Bed And Breakfast Ro","isPartOf":{"@id":"https:\/\/li.gpsoftware.org\/#website"},"primaryImageOfPage":{"@id":"https:\/\/li.gpsoftware.org\/?page_id=962#primaryimage"},"image":{"@id":"https:\/\/li.gpsoftware.org\/?page_id=962#primaryimage"},"thumbnailUrl":"https:\/\/li.gpsoftware.org\/wp-content\/uploads\/2023\/12\/hero-contact-01-jpg.webp","datePublished":"2023-08-15T12:58:35+00:00","dateModified":"2025-09-21T18:46:56+00:00","breadcrumb":{"@id":"https:\/\/li.gpsoftware.org\/?page_id=962#breadcrumb"},"inLanguage":"it-IT","potentialAction":[{"@type":"ReadAction","target":["https:\/\/li.gpsoftware.org\/?page_id=962"]}]},{"@type":"ImageObject","inLanguage":"it-IT","@id":"https:\/\/li.gpsoftware.org\/?page_id=962#primaryimage","url":"https:\/\/li.gpsoftware.org\/wp-content\/uploads\/2023\/12\/hero-contact-01-jpg.webp","contentUrl":"https:\/\/li.gpsoftware.org\/wp-content\/uploads\/2023\/12\/hero-contact-01-jpg.webp","width":1920,"height":1080},{"@type":"BreadcrumbList","@id":"https:\/\/li.gpsoftware.org\/?page_id=962#breadcrumb","itemListElement":[{"@type":"ListItem","position":1,"name":"Home","item":"https:\/\/li.gpsoftware.org\/"},{"@type":"ListItem","position":2,"name":"Contattaci"}]},{"@type":"WebSite","@id":"https:\/\/li.gpsoftware.org\/#website","url":"https:\/\/li.gpsoftware.org\/","name":"Domus Magister ROMA - BNB Bed And Breakfast Ro","description":"","publisher":{"@id":"https:\/\/li.gpsoftware.org\/#organization"},"potentialAction":[{"@type":"SearchAction","target":{"@type":"EntryPoint","urlTemplate":"https:\/\/li.gpsoftware.org\/?s={search_term_string}"},"query-input":{"@type":"PropertyValueSpecification","valueRequired":true,"valueName":"search_term_string"}}],"inLanguage":"it-IT"},{"@type":"Organization","@id":"https:\/\/li.gpsoftware.org\/#organization","name":"Domus Magister ROMA - BNB Bed And Breakfast Ro","url":"https:\/\/li.gpsoftware.org\/","logo":{"@type":"ImageObject","inLanguage":"it-IT","@id":"https:\/\/li.gpsoftware.org\/#\/schema\/logo\/image\/","url":"https:\/\/li.gpsoftware.org\/wp-content\/uploads\/2025\/05\/LOGO.png","contentUrl":"https:\/\/li.gpsoftware.org\/wp-content\/uploads\/2025\/05\/LOGO.png","width":661,"height":159,"caption":"Domus Magister ROMA - BNB Bed And Breakfast Ro"},"image":{"@id":"https:\/\/li.gpsoftware.org\/#\/schema\/logo\/image\/"}}]}},"_links":{"self":[{"href":"https:\/\/li.gpsoftware.org\/index.php?rest_route=\/wp\/v2\/pages\/962","targetHints":{"allow":["GET"]}}],"collection":[{"href":"https:\/\/li.gpsoftware.org\/index.php?rest_route=\/wp\/v2\/pages"}],"about":[{"href":"https:\/\/li.gpsoftware.org\/index.php?rest_route=\/wp\/v2\/types\/page"}],"author":[{"embeddable":true,"href":"https:\/\/li.gpsoftware.org\/index.php?rest_route=\/wp\/v2\/users\/1"}],"replies":[{"embeddable":true,"href":"https:\/\/li.gpsoftware.org\/index.php?rest_route=%2Fwp%2Fv2%2Fcomments&post=962"}],"version-history":[{"count":8,"href":"https:\/\/li.gpsoftware.org\/index.php?rest_route=\/wp\/v2\/pages\/962\/revisions"}],"predecessor-version":[{"id":2889,"href":"https:\/\/li.gpsoftware.org\/index.php?rest_route=\/wp\/v2\/pages\/962\/revisions\/2889"}],"wp:featuredmedia":[{"embeddable":true,"href":"https:\/\/li.gpsoftware.org\/index.php?rest_route=\/wp\/v2\/media\/1888"}],"wp:attachment":[{"href":"https:\/\/li.gpsoftware.org\/index.php?rest_route=%2Fwp%2Fv2%2Fmedia&parent=962"}],"curies":[{"name":"wp","href":"https:\/\/api.w.org\/{rel}","templated":true}]}}